{"id":271,"date":"2016-12-30T13:10:29","date_gmt":"2016-12-30T13:10:29","guid":{"rendered":"http:\/\/fuite.nl\/?page_id=271"},"modified":"2019-01-24T09:11:44","modified_gmt":"2019-01-24T09:11:44","slug":"contact-info","status":"publish","type":"page","link":"https:\/\/fuite.nl\/de\/kontakt-info\/kontakt\/","title":{"rendered":"Kontakt-formular"},"content":{"rendered":"<p>Wir freuen uns auf Ihre Nachricht.\u00a0Eine Antwort erhalten Sie so schnell wie m\u00f6glich. Auch Ihre Kritik findet Geh\u00f6r. Denn wir wollen wissen, was wir besser machen k\u00f6nnen.<\/p>\n\n<div class=\"wpcf7 no-js\" id=\"wpcf7-f278-o2\" lang=\"en-US\" dir=\"ltr\" data-wpcf7-id=\"278\">\n<div class=\"screen-reader-response\"><p role=\"status\" aria-live=\"polite\" aria-atomic=\"true\"><\/p> <ul><\/ul><\/div>\n<form action=\"\/de\/wp-json\/wp\/v2\/pages\/271#wpcf7-f278-o2\" method=\"post\" class=\"wpcf7-form init\" aria-label=\"Contact form\" novalidate=\"novalidate\" data-status=\"init\">\n<fieldset class=\"hidden-fields-container\"><input type=\"hidden\" name=\"_wpcf7\" value=\"278\" \/><input type=\"hidden\" name=\"_wpcf7_version\" value=\"6.1.4\" \/><input type=\"hidden\" name=\"_wpcf7_locale\" value=\"en_US\" \/><input type=\"hidden\" name=\"_wpcf7_unit_tag\" value=\"wpcf7-f278-o2\" \/><input type=\"hidden\" name=\"_wpcf7_container_post\" value=\"0\" \/><input type=\"hidden\" name=\"_wpcf7_posted_data_hash\" value=\"\" \/><input type=\"hidden\" name=\"_wpcf7_recaptcha_response\" value=\"\" \/>\n<\/fieldset>\n<p><label> Ihr Name (*)<br \/>\n<span class=\"wpcf7-form-control-wrap\" data-name=\"your-name\"><input size=\"40\" maxlength=\"400\" class=\"wpcf7-form-control wpcf7-text wpcf7-validates-as-required\" aria-required=\"true\" aria-invalid=\"false\" value=\"\" type=\"text\" name=\"your-name\" \/><\/span> <\/label>\n<\/p>\n<p><label> Ihre e-Mail-Adresse (*)<br \/>\n<span class=\"wpcf7-form-control-wrap\" data-name=\"your-email\"><input size=\"40\" maxlength=\"400\" class=\"wpcf7-form-control wpcf7-email wpcf7-validates-as-required wpcf7-text wpcf7-validates-as-email\" aria-required=\"true\" aria-invalid=\"false\" value=\"\" type=\"email\" name=\"your-email\" \/><\/span> <\/label>\n<\/p>\n<p><label> Subjekt (*)<br \/>\n<span class=\"wpcf7-form-control-wrap\" data-name=\"your-subject\"><input size=\"40\" maxlength=\"400\" class=\"wpcf7-form-control wpcf7-text wpcf7-validates-as-required\" aria-required=\"true\" aria-invalid=\"false\" value=\"\" type=\"text\" name=\"your-subject\" \/><\/span> <\/label>\n<\/p>\n<p><label> Ihre Nachricht (*)<br \/>\n<span class=\"wpcf7-form-control-wrap\" data-name=\"your-message\"><textarea cols=\"40\" rows=\"10\" maxlength=\"2000\" class=\"wpcf7-form-control wpcf7-textarea wpcf7-validates-as-required\" aria-required=\"true\" aria-invalid=\"false\" name=\"your-message\"><\/textarea><\/span> <\/label>\n<\/p>\n<p><input class=\"wpcf7-form-control wpcf7-submit has-spinner\" type=\"submit\" value=\"Send\" \/>\n<\/p><div class=\"wpcf7-response-output\" aria-hidden=\"true\"><\/div>\n<\/form>\n<\/div>\n\n<ul>\n<li>Die mit * gekennzeichneten Felder sind Pflichtangaben.<\/li>\n<\/ul>\n<p><\/p>","protected":false},"excerpt":{"rendered":"<p>Wir freuen uns auf Ihre Nachricht.\u00a0Eine Antwort erhalten Sie so schnell wie m\u00f6glich. Auch Ihre Kritik findet Geh\u00f6r. Denn wir wollen wissen, was wir besser machen k\u00f6nnen. Die mit * gekennzeichneten Felder sind Pflichtangaben.<\/p>\n","protected":false},"author":3,"featured_media":0,"parent":488,"menu_order":0,"comment_status":"closed","ping_status":"open","template":"","meta":{"footnotes":""},"class_list":["post-271","page","type-page","status-publish","hentry"],"acf":[],"_links":{"self":[{"href":"https:\/\/fuite.nl\/de\/wp-json\/wp\/v2\/pages\/271","targetHints":{"allow":["GET"]}}],"collection":[{"href":"https:\/\/fuite.nl\/de\/wp-json\/wp\/v2\/pages"}],"about":[{"href":"https:\/\/fuite.nl\/de\/wp-json\/wp\/v2\/types\/page"}],"author":[{"embeddable":true,"href":"https:\/\/fuite.nl\/de\/wp-json\/wp\/v2\/users\/3"}],"replies":[{"embeddable":true,"href":"https:\/\/fuite.nl\/de\/wp-json\/wp\/v2\/comments?post=271"}],"version-history":[{"count":5,"href":"https:\/\/fuite.nl\/de\/wp-json\/wp\/v2\/pages\/271\/revisions"}],"predecessor-version":[{"id":1921,"href":"https:\/\/fuite.nl\/de\/wp-json\/wp\/v2\/pages\/271\/revisions\/1921"}],"up":[{"embeddable":true,"href":"https:\/\/fuite.nl\/de\/wp-json\/wp\/v2\/pages\/488"}],"wp:attachment":[{"href":"https:\/\/fuite.nl\/de\/wp-json\/wp\/v2\/media?parent=271"}],"curies":[{"name":"wp","href":"https:\/\/api.w.org\/{rel}","templated":true}]}}