{"id":283,"date":"2017-02-09T12:01:56","date_gmt":"2017-02-09T12:01:56","guid":{"rendered":"http:\/\/fuite.nl\/?page_id=283"},"modified":"2020-10-02T07:25:14","modified_gmt":"2020-10-02T07:25:14","slug":"disclaimer","status":"publish","type":"page","link":"https:\/\/fuite.nl\/de\/disclaimer\/","title":{"rendered":"Disclaimer"},"content":{"rendered":"<p><\/p>\n<div class=\"content\">\n<article id=\"post-216\" class=\"post-216 page type-page status-publish hentry\">\n<header class=\"entry-header\">\n<h1 class=\"entry-title\">Haftungsausschluss<\/h1>\n<\/header>\n<div class=\"entry-content\">\n<p>Die Informationen auf dieser Webseite wurden sorgf\u00e4ltig ausgew\u00e4hlt. Der Inhalt wird st\u00e4ndig \u00fcberpr\u00fcft und aktualisiert. Trotzdem k\u00f6nnen wir keine Haftung oder Garantie hinsichtlich der Richtigkeit, Aktualit\u00e4t und Vollst\u00e4ndigkeit der bereitgestellten Informationen \u00fcbernehmen. Jegliche Haftung f\u00fcr Sch\u00e4den, die direkt oder indirekt aus der Benutzung dieser Webseite entstehen, ist ausgeschlossen, soweit diese nicht auf Vorsatz oder grober Fahrl\u00e4ssigkeit beruhen. F\u00fcr den Inhalt der verlinkten Seiten sind ausschlie\u00dflich deren Betreiber verantwortlich. Liprovit \u00fcbernimmt keinerlei Gew\u00e4hr f\u00fcr die Aktualit\u00e4t, Korrektheit, Vollst\u00e4ndigkeit oder Qualit\u00e4t der bereitgestellten Informationen. Liprovit beh\u00e4lt sich das Recht vor, jederzeit \u00c4nderungen und Erg\u00e4nzungen der bereitgestellten Informationen vorzunehmen.<\/p>\n<p>Alle Rechte vorbehalten. Die Texte und Bilder auf der Liprovit Webseite sind urheberrechtlich gesch\u00fctzt.\u00a0Der Inhalt dieser Webseite darf nicht zu kommerziellen Zwecken kopiert, verbreitet, ver\u00e4ndert oder Dritten zug\u00e4nglich gemacht werden. Wir weisen darauf hin, dass die Bilder auf der Webseite teilweise durch das Urheberrecht der Personen gesch\u00fctzt sind, die uns die Bilder zur Verf\u00fcgung gestellt haben.<\/p>\n<\/div>\n<\/article>\n<\/div>\n<p><\/p>","protected":false},"excerpt":{"rendered":"<p>Haftungsausschluss Die Informationen auf dieser Webseite wurden sorgf\u00e4ltig ausgew\u00e4hlt. Der Inhalt wird st\u00e4ndig \u00fcberpr\u00fcft und aktualisiert. Trotzdem k\u00f6nnen wir keine Haftung oder Garantie hinsichtlich der Richtigkeit, Aktualit\u00e4t und Vollst\u00e4ndigkeit der bereitgestellten Informationen \u00fcbernehmen. Jegliche Haftung f\u00fcr Sch\u00e4den, die direkt oder indirekt aus der Benutzung dieser Webseite entstehen, ist ausgeschlossen, soweit diese nicht auf Vorsatz oder<span class=\"continue-reading\"> <a href=\"https:\/\/fuite.nl\/de\/disclaimer\/\">  Lees meer &raquo;<\/a><\/span><\/p>\n","protected":false},"author":3,"featured_media":0,"parent":0,"menu_order":0,"comment_status":"closed","ping_status":"closed","template":"","meta":{"footnotes":""},"class_list":["post-283","page","type-page","status-publish","hentry"],"acf":[],"_links":{"self":[{"href":"https:\/\/fuite.nl\/de\/wp-json\/wp\/v2\/pages\/283","targetHints":{"allow":["GET"]}}],"collection":[{"href":"https:\/\/fuite.nl\/de\/wp-json\/wp\/v2\/pages"}],"about":[{"href":"https:\/\/fuite.nl\/de\/wp-json\/wp\/v2\/types\/page"}],"author":[{"embeddable":true,"href":"https:\/\/fuite.nl\/de\/wp-json\/wp\/v2\/users\/3"}],"replies":[{"embeddable":true,"href":"https:\/\/fuite.nl\/de\/wp-json\/wp\/v2\/comments?post=283"}],"version-history":[{"count":5,"href":"https:\/\/fuite.nl\/de\/wp-json\/wp\/v2\/pages\/283\/revisions"}],"predecessor-version":[{"id":13528,"href":"https:\/\/fuite.nl\/de\/wp-json\/wp\/v2\/pages\/283\/revisions\/13528"}],"wp:attachment":[{"href":"https:\/\/fuite.nl\/de\/wp-json\/wp\/v2\/media?parent=283"}],"curies":[{"name":"wp","href":"https:\/\/api.w.org\/{rel}","templated":true}]}}