{"id":292,"date":"2017-02-09T15:24:14","date_gmt":"2017-02-09T15:24:14","guid":{"rendered":"http:\/\/fuite.nl\/?page_id=292"},"modified":"2020-08-24T12:26:17","modified_gmt":"2020-08-24T12:26:17","slug":"melkvee","status":"publish","type":"page","link":"https:\/\/fuite.nl\/de\/futter\/gute-milchproduktion\/","title":{"rendered":"Milchvieh"},"content":{"rendered":"<p>Eine gute Milchproduktion beginnt bei einer guten \u00a0Gesundheit des Viehbestandes. Ein Team von 25 Beratern besucht regelm\u00e4\u00dfig die Milchbetriebe und ber\u00e4t ganz individuell. Sie alle haben das entsprechende Fachwissen, um Beratungen in Bezug auf Ern\u00e4hrung, Gesundheit und Unterbringung zu geben. Bei Gebrs. Fuite tun wir alles, um die Milchproduktion zu optimieren und somit den Saldo des Bauern zu erh\u00f6hen. Wir besuchen regelm\u00e4\u00dfig unsere Kunden und kennen die Betriebsbedingungen. Unsere Beratung basiert immer auf den entsprechenden M\u00f6glichkeiten innerhalb des Unternehmens und ist somit immer ma\u00dfgeschneidert. Firma Kesseler in Grave ist seit 2013 Kunde bei Gebrs. Fuite. Gerd Kesseler: \u201eWir erhalten ehrliche Ratschl\u00e4ge, die immer zu unserem Vorteil funktionieren aber nicht notwendigerweise zum Vorteil von Gebrs. Fuite. Unsere K\u00fche gl\u00e4nzen und haben eine hervorragende Milchproduktion.\u201d<\/p>","protected":false},"excerpt":{"rendered":"<p>Eine gute Milchproduktion beginnt bei einer guten \u00a0Gesundheit des Viehbestandes. Ein Team von 25 Beratern besucht regelm\u00e4\u00dfig die Milchbetriebe und ber\u00e4t ganz individuell. Sie alle haben das entsprechende Fachwissen, um Beratungen in Bezug auf Ern\u00e4hrung, Gesundheit und Unterbringung zu geben. Bei Gebrs. Fuite tun wir alles, um die Milchproduktion zu optimieren und somit den Saldo<span class=\"continue-reading\"> <a href=\"https:\/\/fuite.nl\/de\/futter\/gute-milchproduktion\/\">  Lees meer &raquo;<\/a><\/span><\/p>\n","protected":false},"author":3,"featured_media":0,"parent":263,"menu_order":0,"comment_status":"closed","ping_status":"closed","template":"template-melkvee.php","meta":{"footnotes":""},"class_list":["post-292","page","type-page","status-publish","hentry"],"acf":[],"_links":{"self":[{"href":"https:\/\/fuite.nl\/de\/wp-json\/wp\/v2\/pages\/292","targetHints":{"allow":["GET"]}}],"collection":[{"href":"https:\/\/fuite.nl\/de\/wp-json\/wp\/v2\/pages"}],"about":[{"href":"https:\/\/fuite.nl\/de\/wp-json\/wp\/v2\/types\/page"}],"author":[{"embeddable":true,"href":"https:\/\/fuite.nl\/de\/wp-json\/wp\/v2\/users\/3"}],"replies":[{"embeddable":true,"href":"https:\/\/fuite.nl\/de\/wp-json\/wp\/v2\/comments?post=292"}],"version-history":[{"count":5,"href":"https:\/\/fuite.nl\/de\/wp-json\/wp\/v2\/pages\/292\/revisions"}],"predecessor-version":[{"id":1202,"href":"https:\/\/fuite.nl\/de\/wp-json\/wp\/v2\/pages\/292\/revisions\/1202"}],"up":[{"embeddable":true,"href":"https:\/\/fuite.nl\/de\/wp-json\/wp\/v2\/pages\/263"}],"wp:attachment":[{"href":"https:\/\/fuite.nl\/de\/wp-json\/wp\/v2\/media?parent=292"}],"curies":[{"name":"wp","href":"https:\/\/api.w.org\/{rel}","templated":true}]}}