{"id":737,"date":"2017-04-03T11:38:56","date_gmt":"2017-04-03T11:38:56","guid":{"rendered":"http:\/\/fuite.nl\/?page_id=737"},"modified":"2026-01-08T09:49:20","modified_gmt":"2026-01-08T09:49:20","slug":"kwaliteit","status":"publish","type":"page","link":"https:\/\/fuite.nl\/de\/qualitat\/","title":{"rendered":"Qualit\u00e4t"},"content":{"rendered":"<p><em>Gebrs. Fuite war schon immer ein innovatives Unternehmen. Sich auf mutige Weise auf neue Entwicklungen einstellen ist ein Schwerpunkt unserer Strategie. Herausforderungen in neuen Rezepturen, neue Gesetzgebung, das Zusammentragen von Wissen oder Investitionen in die Produktion, all dies setzen wir mit Begeisterung um, so dass wir auch in Zukunft zur Spitze des Marktes geh\u00f6ren werden.<\/em><\/p>\n<h2>Qualit\u00e4t der Rohstoffe und der Endprodukte<\/h2>\n<p>Die Qualit\u00e4t der Rohstoffe und der Endprodukte werden laufend \u00fcberwacht. Gebrs. Fuite ist sich der Risiken bewusst. Wir sind <a href=\"https:\/\/www.gmpplus.org\/pagina\/288\/home_un.aspx\" target=\"_blank\" rel=\"noopener noreferrer\">GMP plus\u00a0<\/a>zertifiziert. Die Qualit\u00e4t des Endprodukts beginnt mit einer guten Auswahl an Rohstoffen und zuverl\u00e4ssigen Lieferanten. Wir kennen unsere Lieferanten pers\u00f6nlich und sind bei <a href=\"http:\/\/www.securefeed.eu\/\" target=\"_blank\" rel=\"noopener noreferrer\">SecureFeed<\/a> angeschlossen. Diese Organisation durchleuchtet Lieferanten auf Qualit\u00e4t und Zuverl\u00e4ssigkeit. Gebrs. Fuite ist auf dem Gebiet der Lebensmittelsicherheit umfassend zertifiziert. Die entsprechenden Regeln werden strikt eingehalten.<\/p>\n<h2>Software-Paket mit Track &amp; Trace &#8211; System<\/h2>\n<p>Wir arbeiten mit einem Software-Paket, das auch ein Track &amp; Trace-System beinhaltet. Innerhalb einer Stunde k\u00f6nnen alle Details eines Endprodukts zur\u00fcckverfolgt werden. Jedes Jahr testen wir unser System und das Personal mit einer Track &amp; Trace-\u00dcbung.<\/p>\n<h2><\/h2>\n<p><\/p>","protected":false},"excerpt":{"rendered":"<p>Gebrs. Fuite war schon immer ein innovatives Unternehmen. Sich auf mutige Weise auf neue Entwicklungen einstellen ist ein Schwerpunkt unserer Strategie. Herausforderungen in neuen Rezepturen, neue Gesetzgebung, das Zusammentragen von Wissen oder Investitionen in die Produktion, all dies setzen wir mit Begeisterung um, so dass wir auch in Zukunft zur Spitze des Marktes geh\u00f6ren werden.<span class=\"continue-reading\"> <a href=\"https:\/\/fuite.nl\/de\/qualitat\/\">  Lees meer &raquo;<\/a><\/span><\/p>\n","protected":false},"author":2,"featured_media":0,"parent":0,"menu_order":0,"comment_status":"closed","ping_status":"closed","template":"","meta":{"footnotes":""},"class_list":["post-737","page","type-page","status-publish","hentry"],"acf":[],"_links":{"self":[{"href":"https:\/\/fuite.nl\/de\/wp-json\/wp\/v2\/pages\/737","targetHints":{"allow":["GET"]}}],"collection":[{"href":"https:\/\/fuite.nl\/de\/wp-json\/wp\/v2\/pages"}],"about":[{"href":"https:\/\/fuite.nl\/de\/wp-json\/wp\/v2\/types\/page"}],"author":[{"embeddable":true,"href":"https:\/\/fuite.nl\/de\/wp-json\/wp\/v2\/users\/2"}],"replies":[{"embeddable":true,"href":"https:\/\/fuite.nl\/de\/wp-json\/wp\/v2\/comments?post=737"}],"version-history":[{"count":5,"href":"https:\/\/fuite.nl\/de\/wp-json\/wp\/v2\/pages\/737\/revisions"}],"predecessor-version":[{"id":21968,"href":"https:\/\/fuite.nl\/de\/wp-json\/wp\/v2\/pages\/737\/revisions\/21968"}],"wp:attachment":[{"href":"https:\/\/fuite.nl\/de\/wp-json\/wp\/v2\/media?parent=737"}],"curies":[{"name":"wp","href":"https:\/\/api.w.org\/{rel}","templated":true}]}}