{"id":759,"date":"2017-04-04T14:29:02","date_gmt":"2017-04-04T14:29:02","guid":{"rendered":"http:\/\/fuite.nl\/?page_id=759"},"modified":"2025-11-11T12:01:06","modified_gmt":"2025-11-11T12:01:06","slug":"geschiedenis","status":"publish","type":"page","link":"https:\/\/fuite.nl\/de\/nederlands-geschiedenis\/","title":{"rendered":"Historie"},"content":{"rendered":"<p><em>Unser Familien-unternehmen &#8211; 1906 gegr\u00fcndet &#8211; zeichnet sich durch professionelle Einfachheit aus: Das hei\u00dft, wir sind ein kompetenter Partner, der aber mit beiden Beinen auf dem Boden steht.<\/em><\/p>\n<h2>Innovation in 1906<\/h2>\n<p>Helmich Fuite ist der Gr\u00fcnder von Gebrs. Fuite. Als B\u00e4cker suchte er Anfang 1900 nach einer L\u00f6sung um Korn zu mahlen, wenn die Windm\u00fchle sich nicht drehte. Eine mechanisch angetriebene Mahlmaschine wurde angeschafft, um die M\u00fchlsteine zu drehen. Somit konnte die B\u00e4ckerei eine konstante Zulieferung von Mehl garantieren. Das erste Viehfutter war noch ein Nebenprodukt der B\u00e4ckerei, das schnell durch spezielles Viehfutter ersetzt wurde. Nach dem Zweiten Weltkrieg war das Unternehmen Gebrs. Fuite zeitweise ein Handelsunternehmen. 1980 wurde die eigene Produktion in einer neuen Fabrik wiederaufgenommen.<\/p>\n<div id='gallery-3' class='gallery galleryid-759 gallery-columns-2 gallery-size-medium'><figure class='gallery-item'>\n\t\t\t<div class='gallery-icon landscape'>\n\t\t\t\t<a href='https:\/\/fuite.nl\/wp-content\/uploads\/2016\/12\/Historie-Fuite-6x6-2.jpg'><img loading=\"lazy\" decoding=\"async\" width=\"300\" height=\"300\" src=\"https:\/\/fuite.nl\/wp-content\/uploads\/2016\/12\/Historie-Fuite-6x6-2-300x300.jpg\" class=\"attachment-medium size-medium\" alt=\"\" srcset=\"https:\/\/fuite.nl\/wp-content\/uploads\/2016\/12\/Historie-Fuite-6x6-2-300x300.jpg 300w, https:\/\/fuite.nl\/wp-content\/uploads\/2016\/12\/Historie-Fuite-6x6-2-150x150.jpg 150w, https:\/\/fuite.nl\/wp-content\/uploads\/2016\/12\/Historie-Fuite-6x6-2-100x100.jpg 100w, https:\/\/fuite.nl\/wp-content\/uploads\/2016\/12\/Historie-Fuite-6x6-2.jpg 644w\" sizes=\"auto, 100vw\" \/><\/a>\n\t\t\t<\/div><\/figure><figure class='gallery-item'>\n\t\t\t<div class='gallery-icon landscape'>\n\t\t\t\t<a href='https:\/\/fuite.nl\/wp-content\/uploads\/2016\/12\/Historie-Fuite-6x6.jpg'><img loading=\"lazy\" decoding=\"async\" width=\"300\" height=\"300\" src=\"https:\/\/fuite.nl\/wp-content\/uploads\/2016\/12\/Historie-Fuite-6x6-300x300.jpg\" class=\"attachment-medium size-medium\" alt=\"\" srcset=\"https:\/\/fuite.nl\/wp-content\/uploads\/2016\/12\/Historie-Fuite-6x6-300x300.jpg 300w, https:\/\/fuite.nl\/wp-content\/uploads\/2016\/12\/Historie-Fuite-6x6-150x150.jpg 150w, https:\/\/fuite.nl\/wp-content\/uploads\/2016\/12\/Historie-Fuite-6x6-100x100.jpg 100w, https:\/\/fuite.nl\/wp-content\/uploads\/2016\/12\/Historie-Fuite-6x6.jpg 644w\" sizes=\"auto, 100vw\" \/><\/a>\n\t\t\t<\/div><\/figure>\n\t\t<\/div>\n\n<h2>Liprovit macht den Unterschied!<\/h2>\n<p>Gebrs. Fuite zeichnet sich durch kontinuierliche Entwicklung und Innovation aus. Im Jahr 2012 er\u00f6ffneten wir eine hochmoderne \u201eFood Proof\u201c Produktionsst\u00e4tte in Kampen. Hier stellen wir unter dem Firmennamen Liprovit verschiedene fl\u00fcssige Futtermittel her. Dieses Futter ist voller Proteine und Vitamine und wird in einer einzigartigen Weise hergestellt. Liprovit stellt Produkte her, die einen gro\u00dfen Unterschied machen.<\/p>\n<div id='gallery-4' class='gallery galleryid-759 gallery-columns-2 gallery-size-medium'><figure class='gallery-item'>\n\t\t\t<div class='gallery-icon landscape'>\n\t\t\t\t<a href='https:\/\/fuite.nl\/wp-content\/uploads\/2017\/04\/Fabriek-aanzicht-6x6.jpg'><img loading=\"lazy\" decoding=\"async\" width=\"300\" height=\"300\" src=\"https:\/\/fuite.nl\/wp-content\/uploads\/2017\/04\/Fabriek-aanzicht-6x6-300x300.jpg\" class=\"attachment-medium size-medium\" alt=\"\" srcset=\"https:\/\/fuite.nl\/wp-content\/uploads\/2017\/04\/Fabriek-aanzicht-6x6-300x300.jpg 300w, https:\/\/fuite.nl\/wp-content\/uploads\/2017\/04\/Fabriek-aanzicht-6x6-150x150.jpg 150w, https:\/\/fuite.nl\/wp-content\/uploads\/2017\/04\/Fabriek-aanzicht-6x6-100x100.jpg 100w, https:\/\/fuite.nl\/wp-content\/uploads\/2017\/04\/Fabriek-aanzicht-6x6.jpg 644w\" sizes=\"auto, 100vw\" \/><\/a>\n\t\t\t<\/div><\/figure><figure class='gallery-item'>\n\t\t\t<div class='gallery-icon landscape'>\n\t\t\t\t<a href='https:\/\/fuite.nl\/wp-content\/uploads\/2017\/04\/Historie-Fuite-6x63.jpg'><img loading=\"lazy\" decoding=\"async\" width=\"300\" height=\"300\" src=\"https:\/\/fuite.nl\/wp-content\/uploads\/2017\/04\/Historie-Fuite-6x63-300x300.jpg\" class=\"attachment-medium size-medium\" alt=\"\" srcset=\"https:\/\/fuite.nl\/wp-content\/uploads\/2017\/04\/Historie-Fuite-6x63-300x300.jpg 300w, https:\/\/fuite.nl\/wp-content\/uploads\/2017\/04\/Historie-Fuite-6x63-150x150.jpg 150w, https:\/\/fuite.nl\/wp-content\/uploads\/2017\/04\/Historie-Fuite-6x63-100x100.jpg 100w, https:\/\/fuite.nl\/wp-content\/uploads\/2017\/04\/Historie-Fuite-6x63.jpg 644w\" sizes=\"auto, 100vw\" \/><\/a>\n\t\t\t<\/div><\/figure>\n\t\t<\/div>\n\n<h2>Beginn Neubau von Werk 4<\/h2>\n<p>2016 wurde mit dem Neubau eines vierten Werks in Genemuiden begonnen. Jaap Fuite: \u201eDas Werk wird hypermodern eingerichtet. Durch ein gut konzipiertes Automatisierungssystem ist das Produktionsverfahren vollst\u00e4ndig kontrollierbar. Die Hightech-Maschinen erm\u00f6glichen uns, neuerlich innovative Produkte auf den Markt zu bringen.\u201c <a href=\"http:\/\/fuite.nl\/nieuwbouw-fabriek-4\/\">Hier erfahren Sie mehr \u00fcber die Fortschritte beim Neubau.<\/a><\/p>","protected":false},"excerpt":{"rendered":"<p>Unser Familien-unternehmen &#8211; 1906 gegr\u00fcndet &#8211; zeichnet sich durch professionelle Einfachheit aus: Das hei\u00dft, wir sind ein kompetenter Partner, der aber mit beiden Beinen auf dem Boden steht. Innovation in 1906 Helmich Fuite ist der Gr\u00fcnder von Gebrs. Fuite. Als B\u00e4cker suchte er Anfang 1900 nach einer L\u00f6sung um Korn zu mahlen, wenn die Windm\u00fchle<span class=\"continue-reading\"> <a href=\"https:\/\/fuite.nl\/de\/nederlands-geschiedenis\/\">  Lees meer &raquo;<\/a><\/span><\/p>\n","protected":false},"author":2,"featured_media":0,"parent":0,"menu_order":0,"comment_status":"closed","ping_status":"closed","template":"","meta":{"footnotes":""},"class_list":["post-759","page","type-page","status-publish","hentry"],"acf":[],"_links":{"self":[{"href":"https:\/\/fuite.nl\/de\/wp-json\/wp\/v2\/pages\/759","targetHints":{"allow":["GET"]}}],"collection":[{"href":"https:\/\/fuite.nl\/de\/wp-json\/wp\/v2\/pages"}],"about":[{"href":"https:\/\/fuite.nl\/de\/wp-json\/wp\/v2\/types\/page"}],"author":[{"embeddable":true,"href":"https:\/\/fuite.nl\/de\/wp-json\/wp\/v2\/users\/2"}],"replies":[{"embeddable":true,"href":"https:\/\/fuite.nl\/de\/wp-json\/wp\/v2\/comments?post=759"}],"version-history":[{"count":5,"href":"https:\/\/fuite.nl\/de\/wp-json\/wp\/v2\/pages\/759\/revisions"}],"predecessor-version":[{"id":21630,"href":"https:\/\/fuite.nl\/de\/wp-json\/wp\/v2\/pages\/759\/revisions\/21630"}],"wp:attachment":[{"href":"https:\/\/fuite.nl\/de\/wp-json\/wp\/v2\/media?parent=759"}],"curies":[{"name":"wp","href":"https:\/\/api.w.org\/{rel}","templated":true}]}}