{"id":832,"date":"2017-04-19T14:01:30","date_gmt":"2017-04-19T14:01:30","guid":{"rendered":"http:\/\/fuite.nl\/?page_id=832"},"modified":"2023-07-07T10:04:36","modified_gmt":"2023-07-07T10:04:36","slug":"over-gebrs-fuite-b-v","status":"publish","type":"page","link":"https:\/\/fuite.nl\/de\/nederlands-over-gebrs-fuite-b-v\/","title":{"rendered":"\u00dcber uns"},"content":{"rendered":"<p><em>Gebrs. Fuite besteht seit mehr als 110 Jahren. Unser Familienunternehmen produziert hochwertiges Viehfutter, das ausgestattet mit Fachkenntnis und K\u00f6nnen &#8211; direkt an die Viehhaltung im In- und Ausland geliefert wird.<\/em><\/p>\n<h2>Professionelle Einfachheit<\/h2>\n<p>Innovation, der Austausch von Fachkenntnis, sowie pers\u00f6nliche und langlebige Gesch\u00e4ftsbeziehungen kennzeichnen das Unternehmen Gebr\u00fcder Fuite b.v. Viehfutter. Unser Familien-unternehmen &#8211; 1906 gegr\u00fcndet &#8211; zeichnet sich durch professionelle Einfachheit aus: Das hei\u00dft, wir sind ein kompetenter Partner, der aber mit beiden Beinen auf dem Boden steht.<\/p>\n<div id='gallery-2' class='gallery galleryid-832 gallery-columns-2 gallery-size-medium'><figure class='gallery-item'>\n\t\t\t<div class='gallery-icon landscape'>\n\t\t\t\t<a href='https:\/\/fuite.nl\/wp-content\/uploads\/2017\/04\/Historie-Fuite-6x63.jpg'><img loading=\"lazy\" decoding=\"async\" width=\"300\" height=\"300\" src=\"https:\/\/fuite.nl\/wp-content\/uploads\/2017\/04\/Historie-Fuite-6x63-300x300.jpg\" class=\"attachment-medium size-medium\" alt=\"\" srcset=\"https:\/\/fuite.nl\/wp-content\/uploads\/2017\/04\/Historie-Fuite-6x63-300x300.jpg 300w, https:\/\/fuite.nl\/wp-content\/uploads\/2017\/04\/Historie-Fuite-6x63-150x150.jpg 150w, https:\/\/fuite.nl\/wp-content\/uploads\/2017\/04\/Historie-Fuite-6x63-100x100.jpg 100w, https:\/\/fuite.nl\/wp-content\/uploads\/2017\/04\/Historie-Fuite-6x63.jpg 644w\" sizes=\"auto, 100vw\" \/><\/a>\n\t\t\t<\/div><\/figure><figure class='gallery-item'>\n\t\t\t<div class='gallery-icon landscape'>\n\t\t\t\t<a href='https:\/\/fuite.nl\/wp-content\/uploads\/2016\/12\/directie.jpg'><img loading=\"lazy\" decoding=\"async\" width=\"300\" height=\"300\" src=\"https:\/\/fuite.nl\/wp-content\/uploads\/2016\/12\/directie-300x300.jpg\" class=\"attachment-medium size-medium\" alt=\"\" srcset=\"https:\/\/fuite.nl\/wp-content\/uploads\/2016\/12\/directie-300x300.jpg 300w, https:\/\/fuite.nl\/wp-content\/uploads\/2016\/12\/directie-150x150.jpg 150w, https:\/\/fuite.nl\/wp-content\/uploads\/2016\/12\/directie-100x100.jpg 100w, https:\/\/fuite.nl\/wp-content\/uploads\/2016\/12\/directie.jpg 644w\" sizes=\"auto, 100vw\" \/><\/a>\n\t\t\t<\/div><\/figure>\n\t\t<\/div>\n\n<h2>Eine progressive Nationalspieler<\/h2>\n<p>Gebrs. Fuite besteht seit mehr als 110 Jahren. Unser Familienunternehmen produziert hochwertiges Viehfutter, das ausgestattet mit Fachkenntnis und K\u00f6nnen &#8211; direkt an die Viehhaltung im In- und Ausland geliefert wird. Aufgrund der eigenen Produktion haben wir die komplette Kontrolle \u00fcber die Qualit\u00e4t eines guten und konstanten Endprodukts. Wir liefern Standardprodukte und ma\u00dfgeschneidertes Futter. Das Unternehmen Gebrs. Fuite ist bekannt f\u00fcr seine Kompetenz und Zuverl\u00e4ssigkeit. F\u00fcr uns ist ein Austausch von Fachwissen sehr wichtig. Wir freuen uns dar\u00fcber zur Spitze des Marktes zu geh\u00f6ren und sind proaktiv auf der Suche nach neuen Entwicklungen. Unser Fachwissen stammt von unserer langj\u00e4hrigen Erfahrung, sowie verschiedenen Ausbildungs- und Forschungseinrichtungen und internationalen Messen.<\/p>\n<p>https:\/\/youtu.be\/NOVN5m7z5rs<\/p>","protected":false},"excerpt":{"rendered":"<p>Gebrs. Fuite besteht seit mehr als 110 Jahren. Unser Familienunternehmen produziert hochwertiges Viehfutter, das ausgestattet mit Fachkenntnis und K\u00f6nnen &#8211; direkt an die Viehhaltung im In- und Ausland geliefert wird. Professionelle Einfachheit Innovation, der Austausch von Fachkenntnis, sowie pers\u00f6nliche und langlebige Gesch\u00e4ftsbeziehungen kennzeichnen das Unternehmen Gebr\u00fcder Fuite b.v. Viehfutter. Unser Familien-unternehmen &#8211; 1906 gegr\u00fcndet &#8211;<span class=\"continue-reading\"> <a href=\"https:\/\/fuite.nl\/de\/nederlands-over-gebrs-fuite-b-v\/\">  Lees meer &raquo;<\/a><\/span><\/p>\n","protected":false},"author":2,"featured_media":0,"parent":0,"menu_order":0,"comment_status":"closed","ping_status":"closed","template":"","meta":{"footnotes":""},"class_list":["post-832","page","type-page","status-publish","hentry"],"acf":[],"_links":{"self":[{"href":"https:\/\/fuite.nl\/de\/wp-json\/wp\/v2\/pages\/832","targetHints":{"allow":["GET"]}}],"collection":[{"href":"https:\/\/fuite.nl\/de\/wp-json\/wp\/v2\/pages"}],"about":[{"href":"https:\/\/fuite.nl\/de\/wp-json\/wp\/v2\/types\/page"}],"author":[{"embeddable":true,"href":"https:\/\/fuite.nl\/de\/wp-json\/wp\/v2\/users\/2"}],"replies":[{"embeddable":true,"href":"https:\/\/fuite.nl\/de\/wp-json\/wp\/v2\/comments?post=832"}],"version-history":[{"count":5,"href":"https:\/\/fuite.nl\/de\/wp-json\/wp\/v2\/pages\/832\/revisions"}],"predecessor-version":[{"id":18680,"href":"https:\/\/fuite.nl\/de\/wp-json\/wp\/v2\/pages\/832\/revisions\/18680"}],"wp:attachment":[{"href":"https:\/\/fuite.nl\/de\/wp-json\/wp\/v2\/media?parent=832"}],"curies":[{"name":"wp","href":"https:\/\/api.w.org\/{rel}","templated":true}]}}